{"id":969,"date":"2019-05-25T12:03:24","date_gmt":"2019-05-25T10:03:24","guid":{"rendered":"http:\/\/www.cisv.ch\/?page_id=969"},"modified":"2019-08-21T09:51:30","modified_gmt":"2019-08-21T07:51:30","slug":"step-up","status":"publish","type":"page","link":"https:\/\/www.cisv.ch\/fr\/cisv-programs\/step-up\/","title":{"rendered":"STEP UP"},"content":{"rendered":"<p><strong>Construire les talents de leader<\/strong><\/p>\n\n\n\n<p>Orient\u00e9 pour les jeunes adolescents, le step up encourage les participants \u00e0 prendre la responsabilit\u00e9 de mener et organiser le camp. Chaque camp est centr\u00e9 autour d'un th\u00e8me sp\u00e9cifique et les participants travaillent ensemble pour planifier les activit\u00e9s et les discussions qui \u00e9laborent le th\u00e8me choisi.<\/p>\n\n\n\n<p><strong>Age<\/strong>&nbsp;&nbsp;&nbsp;&nbsp;&nbsp;&nbsp;&nbsp;&nbsp;&nbsp;&nbsp;&nbsp;&nbsp; 14 &#8211; 15<\/p>\n\n\n\n<p><strong>Dur\u00e9e<\/strong>&nbsp;&nbsp;&nbsp;&nbsp; 23 jours<\/p>\n\n\n\n<p><strong>Taille du groupe<\/strong>&nbsp;&nbsp; 6 ou 9 d\u00e9l\u00e9gations de 4 jeunes chacune avec un leader de 21 ans ou plus dans chaque d\u00e9l\u00e9gation. Le camp est coordonn\u00e9 par un staff adulte<\/p>\n\n\n\n<p><a href=\"https:\/\/cisv.org\/programmes\/step-up\/\">Pour plus d'information<\/a><\/p>","protected":false},"excerpt":{"rendered":"<p>Building leadership skills Aimed at young teens, the STep Up&nbsp;Camp encourages participants to take responsibility for leadership and programme planning. Each camp focuses on a specific educational theme. Participants work together to plan activities and discussions which build on the chosen theme. Age&nbsp;&nbsp;&nbsp;&nbsp;&nbsp;&nbsp;&nbsp;&nbsp;&nbsp;&nbsp;&nbsp;&nbsp; 14 &#8211; 15 Duration&nbsp;&nbsp;&nbsp;&nbsp; 23 Days Size of group&nbsp;&nbsp; Delegations come from [&hellip;]<\/p>","protected":false},"author":1,"featured_media":0,"parent":959,"menu_order":6,"comment_status":"closed","ping_status":"closed","template":"","meta":{"ocean_post_layout":"","ocean_both_sidebars_style":"","ocean_both_sidebars_content_width":0,"ocean_both_sidebars_sidebars_width":0,"ocean_sidebar":"","ocean_second_sidebar":"","ocean_disable_margins":"enable","ocean_add_body_class":"","ocean_shortcode_before_top_bar":"","ocean_shortcode_after_top_bar":"","ocean_shortcode_before_header":"","ocean_shortcode_after_header":"","ocean_has_shortcode":"","ocean_shortcode_after_title":"","ocean_shortcode_before_footer_widgets":"","ocean_shortcode_after_footer_widgets":"","ocean_shortcode_before_footer_bottom":"","ocean_shortcode_after_footer_bottom":"","ocean_display_top_bar":"default","ocean_display_header":"default","ocean_header_style":"","ocean_center_header_left_menu":"","ocean_custom_header_template":"","ocean_custom_logo":0,"ocean_custom_retina_logo":0,"ocean_custom_logo_max_width":0,"ocean_custom_logo_tablet_max_width":0,"ocean_custom_logo_mobile_max_width":0,"ocean_custom_logo_max_height":0,"ocean_custom_logo_tablet_max_height":0,"ocean_custom_logo_mobile_max_height":0,"ocean_header_custom_menu":"","ocean_menu_typo_font_family":"","ocean_menu_typo_font_subset":"","ocean_menu_typo_font_size":0,"ocean_menu_typo_font_size_tablet":0,"ocean_menu_typo_font_size_mobile":0,"ocean_menu_typo_font_size_unit":"px","ocean_menu_typo_font_weight":"","ocean_menu_typo_font_weight_tablet":"","ocean_menu_typo_font_weight_mobile":"","ocean_menu_typo_transform":"","ocean_menu_typo_transform_tablet":"","ocean_menu_typo_transform_mobile":"","ocean_menu_typo_line_height":0,"ocean_menu_typo_line_height_tablet":0,"ocean_menu_typo_line_height_mobile":0,"ocean_menu_typo_line_height_unit":"","ocean_menu_typo_spacing":0,"ocean_menu_typo_spacing_tablet":0,"ocean_menu_typo_spacing_mobile":0,"ocean_menu_typo_spacing_unit":"","ocean_menu_link_color":"","ocean_menu_link_color_hover":"","ocean_menu_link_color_active":"","ocean_menu_link_background":"","ocean_menu_link_hover_background":"","ocean_menu_link_active_background":"","ocean_menu_social_links_bg":"","ocean_menu_social_hover_links_bg":"","ocean_menu_social_links_color":"","ocean_menu_social_hover_links_color":"","ocean_disable_title":"default","ocean_disable_heading":"default","ocean_post_title":"","ocean_post_subheading":"","ocean_post_title_style":"","ocean_post_title_background_color":"","ocean_post_title_background":0,"ocean_post_title_bg_image_position":"","ocean_post_title_bg_image_attachment":"","ocean_post_title_bg_image_repeat":"","ocean_post_title_bg_image_size":"","ocean_post_title_height":0,"ocean_post_title_bg_overlay":0.5,"ocean_post_title_bg_overlay_color":"","ocean_disable_breadcrumbs":"default","ocean_breadcrumbs_color":"","ocean_breadcrumbs_separator_color":"","ocean_breadcrumbs_links_color":"","ocean_breadcrumbs_links_hover_color":"","ocean_display_footer_widgets":"default","ocean_display_footer_bottom":"default","ocean_custom_footer_template":"","footnotes":""},"class_list":["post-969","page","type-page","status-publish","hentry","entry"],"_links":{"self":[{"href":"https:\/\/www.cisv.ch\/fr\/wp-json\/wp\/v2\/pages\/969","targetHints":{"allow":["GET"]}}],"collection":[{"href":"https:\/\/www.cisv.ch\/fr\/wp-json\/wp\/v2\/pages"}],"about":[{"href":"https:\/\/www.cisv.ch\/fr\/wp-json\/wp\/v2\/types\/page"}],"author":[{"embeddable":true,"href":"https:\/\/www.cisv.ch\/fr\/wp-json\/wp\/v2\/users\/1"}],"replies":[{"embeddable":true,"href":"https:\/\/www.cisv.ch\/fr\/wp-json\/wp\/v2\/comments?post=969"}],"version-history":[{"count":1,"href":"https:\/\/www.cisv.ch\/fr\/wp-json\/wp\/v2\/pages\/969\/revisions"}],"predecessor-version":[{"id":970,"href":"https:\/\/www.cisv.ch\/fr\/wp-json\/wp\/v2\/pages\/969\/revisions\/970"}],"up":[{"embeddable":true,"href":"https:\/\/www.cisv.ch\/fr\/wp-json\/wp\/v2\/pages\/959"}],"wp:attachment":[{"href":"https:\/\/www.cisv.ch\/fr\/wp-json\/wp\/v2\/media?parent=969"}],"curies":[{"name":"wp","href":"https:\/\/api.w.org\/{rel}","templated":true}]}}