{"id":965,"date":"2019-05-25T12:02:05","date_gmt":"2019-05-25T10:02:05","guid":{"rendered":"http:\/\/www.cisv.ch\/?page_id=965"},"modified":"2021-11-08T11:13:45","modified_gmt":"2021-11-08T10:13:45","slug":"youth-meeting","status":"publish","type":"page","link":"https:\/\/www.cisv.ch\/fr\/cisv-programs\/youth-meeting\/","title":{"rendered":"YOUTH MEETING"},"content":{"rendered":"<p><strong>D\u00e9veloppement des comp\u00e9tences et capacit\u00e9 r\u00e9gionale<\/strong><\/p>\n\n\n\n<p>Ce camp r\u00e9gional plus court que les autres propos\u00e9s par le CISV se centre autour d'un th\u00e8me plus personnel qui permet aux jeunes d'explorer les diff\u00e9rences culturelle au sein de leur r\u00e9gion (au sens CISV du terme). Ce programme renforce les comp\u00e9tences organisationnelles et de \"leadership\" en promouvant les valeurs du CISV.<\/p>\n\n\n\n<p><strong>Age<\/strong>\u00a0\u00a0\u00a0\u00a0\u00a0\u00a0\u00a0\u00a0\u00a0\u00a0\u00a0\u00a0\u00a0\u00a0 12 &#8211; 13<\/p>\n\n\n\n<p><strong>Dur\u00e9e<\/strong>&nbsp;&nbsp;&nbsp;&nbsp;&nbsp;&nbsp; 8 ou 15 jours<\/p>\n\n\n\n<p><strong>Taille du groupe<\/strong> \u00c0 peu pr\u00e8s 35 participants plus les staffs et leaders. Les jeunes voyagent en d\u00e9l\u00e9gations de 6 avec un leader de 21 ans ou plus.<\/p>\n\n\n\n<p><a href=\"https:\/\/cisv.org\/programmes\/youth-meeting\/\">Pour plus d'information<\/a><\/p>","protected":false},"excerpt":{"rendered":"<p>Building skills and regional capacity The short regional camps feature individual themes that allow young people to explore intercultural issues in a regional context. The programme reinforces core CISV values, builds leadership and organizational skills, while promoting continued CISV involvement. Age\u00a0\u00a0\u00a0\u00a0\u00a0\u00a0\u00a0\u00a0\u00a0\u00a0\u00a0\u00a0\u00a0\u00a0 12 &#8211; 13 Duration&nbsp;&nbsp;&nbsp;&nbsp;&nbsp;&nbsp; 8 or 15 Days Size of group Approximately 35 participants [&hellip;]<\/p>","protected":false},"author":1,"featured_media":0,"parent":959,"menu_order":5,"comment_status":"closed","ping_status":"closed","template":"","meta":{"ocean_post_layout":"","ocean_both_sidebars_style":"","ocean_both_sidebars_content_width":0,"ocean_both_sidebars_sidebars_width":0,"ocean_sidebar":"0","ocean_second_sidebar":"0","ocean_disable_margins":"enable","ocean_add_body_class":"","ocean_shortcode_before_top_bar":"","ocean_shortcode_after_top_bar":"","ocean_shortcode_before_header":"","ocean_shortcode_after_header":"","ocean_has_shortcode":"","ocean_shortcode_after_title":"","ocean_shortcode_before_footer_widgets":"","ocean_shortcode_after_footer_widgets":"","ocean_shortcode_before_footer_bottom":"","ocean_shortcode_after_footer_bottom":"","ocean_display_top_bar":"default","ocean_display_header":"default","ocean_header_style":"","ocean_center_header_left_menu":"0","ocean_custom_header_template":"0","ocean_custom_logo":0,"ocean_custom_retina_logo":0,"ocean_custom_logo_max_width":0,"ocean_custom_logo_tablet_max_width":0,"ocean_custom_logo_mobile_max_width":0,"ocean_custom_logo_max_height":0,"ocean_custom_logo_tablet_max_height":0,"ocean_custom_logo_mobile_max_height":0,"ocean_header_custom_menu":"0","ocean_menu_typo_font_family":"0","ocean_menu_typo_font_subset":"","ocean_menu_typo_font_size":0,"ocean_menu_typo_font_size_tablet":0,"ocean_menu_typo_font_size_mobile":0,"ocean_menu_typo_font_size_unit":"px","ocean_menu_typo_font_weight":"","ocean_menu_typo_font_weight_tablet":"","ocean_menu_typo_font_weight_mobile":"","ocean_menu_typo_transform":"","ocean_menu_typo_transform_tablet":"","ocean_menu_typo_transform_mobile":"","ocean_menu_typo_line_height":0,"ocean_menu_typo_line_height_tablet":0,"ocean_menu_typo_line_height_mobile":0,"ocean_menu_typo_line_height_unit":"","ocean_menu_typo_spacing":0,"ocean_menu_typo_spacing_tablet":0,"ocean_menu_typo_spacing_mobile":0,"ocean_menu_typo_spacing_unit":"","ocean_menu_link_color":"","ocean_menu_link_color_hover":"","ocean_menu_link_color_active":"","ocean_menu_link_background":"","ocean_menu_link_hover_background":"","ocean_menu_link_active_background":"","ocean_menu_social_links_bg":"","ocean_menu_social_hover_links_bg":"","ocean_menu_social_links_color":"","ocean_menu_social_hover_links_color":"","ocean_disable_title":"default","ocean_disable_heading":"default","ocean_post_title":"","ocean_post_subheading":"","ocean_post_title_style":"","ocean_post_title_background_color":"","ocean_post_title_background":0,"ocean_post_title_bg_image_position":"","ocean_post_title_bg_image_attachment":"","ocean_post_title_bg_image_repeat":"","ocean_post_title_bg_image_size":"","ocean_post_title_height":0,"ocean_post_title_bg_overlay":0.5,"ocean_post_title_bg_overlay_color":"","ocean_disable_breadcrumbs":"default","ocean_breadcrumbs_color":"","ocean_breadcrumbs_separator_color":"","ocean_breadcrumbs_links_color":"","ocean_breadcrumbs_links_hover_color":"","ocean_display_footer_widgets":"default","ocean_display_footer_bottom":"default","ocean_custom_footer_template":"0","footnotes":""},"class_list":["post-965","page","type-page","status-publish","hentry","entry"],"_links":{"self":[{"href":"https:\/\/www.cisv.ch\/fr\/wp-json\/wp\/v2\/pages\/965","targetHints":{"allow":["GET"]}}],"collection":[{"href":"https:\/\/www.cisv.ch\/fr\/wp-json\/wp\/v2\/pages"}],"about":[{"href":"https:\/\/www.cisv.ch\/fr\/wp-json\/wp\/v2\/types\/page"}],"author":[{"embeddable":true,"href":"https:\/\/www.cisv.ch\/fr\/wp-json\/wp\/v2\/users\/1"}],"replies":[{"embeddable":true,"href":"https:\/\/www.cisv.ch\/fr\/wp-json\/wp\/v2\/comments?post=965"}],"version-history":[{"count":2,"href":"https:\/\/www.cisv.ch\/fr\/wp-json\/wp\/v2\/pages\/965\/revisions"}],"predecessor-version":[{"id":2504,"href":"https:\/\/www.cisv.ch\/fr\/wp-json\/wp\/v2\/pages\/965\/revisions\/2504"}],"up":[{"embeddable":true,"href":"https:\/\/www.cisv.ch\/fr\/wp-json\/wp\/v2\/pages\/959"}],"wp:attachment":[{"href":"https:\/\/www.cisv.ch\/fr\/wp-json\/wp\/v2\/media?parent=965"}],"curies":[{"name":"wp","href":"https:\/\/api.w.org\/{rel}","templated":true}]}}