{"id":962,"date":"2019-05-25T12:00:09","date_gmt":"2019-05-25T10:00:09","guid":{"rendered":"http:\/\/www.cisv.ch\/?page_id=962"},"modified":"2019-09-17T16:30:47","modified_gmt":"2019-09-17T14:30:47","slug":"village","status":"publish","type":"page","link":"http:\/\/www.cisv.ch\/fr\/cisv-programs\/village\/","title":{"rendered":"VILLAGE"},"content":{"rendered":"<p><strong>La fondation de l'amiti\u00e9 globale<\/strong><\/p>\n\n\n\n<p>Le village est un camp international de 4 semaines. C'est le programme original du CISV et reste jusqu'\u00e0 aujourd'hui le plus important programme propos\u00e9. Les d\u00e9l\u00e9gu\u00e9s de cette exp\u00e9rience multilingue et multiculturelle participent \u00e0 un mix d'activit\u00e9 \u00e9ducationnelles, culturelles et sportives qui approfondissent la coop\u00e9ration et la vie en communaut\u00e9 interculturelle.<\/p>\n\n\n\n<p><strong>Age<\/strong>&nbsp;&nbsp;&nbsp;&nbsp;&nbsp;&nbsp;&nbsp;&nbsp;&nbsp;&nbsp;&nbsp;&nbsp; &nbsp;11 ans<\/p>\n\n\n\n<p><strong>Dur\u00e9e<\/strong>&nbsp;&nbsp; 28 jours<\/p>\n\n\n\n<p><strong>Taille du groupe<\/strong> D\u00e9l\u00e9gations de 10 \u00e0 12 pays. Chaque d\u00e9l\u00e9gation est form\u00e9e de 4 d\u00e9l\u00e9gu\u00e9s et d'un leader de 21 ans ou plus. Le camp est coordonn\u00e9s par des staffs de plus de 21 ans et soutenus par des Junior Counsellors de 16-17 ans.<\/p>\n\n\n\n<p><a href=\"https:\/\/cisv.org\/programmes\/village\/\">Pour plus d'information<\/a><\/p>","protected":false},"excerpt":{"rendered":"<p>The foundation for global friendship The Village&nbsp;is a&nbsp;unique four week international camp that&nbsp;was the original CISV programme and is still its flagship. Delegates to this multilingual and multicultural experience participate in a mix of educational, cultural and sporting activities, which emphasise cooperative global and intercultural living. Age&nbsp;&nbsp;&nbsp;&nbsp;&nbsp;&nbsp;&nbsp;&nbsp;&nbsp;&nbsp;&nbsp;&nbsp; &nbsp;11 year old Duration&nbsp;&nbsp; 28 Days Size of [&hellip;]<\/p>","protected":false},"author":1,"featured_media":0,"parent":959,"menu_order":4,"comment_status":"closed","ping_status":"closed","template":"","meta":{"ocean_post_layout":"","ocean_both_sidebars_style":"","ocean_both_sidebars_content_width":0,"ocean_both_sidebars_sidebars_width":0,"ocean_sidebar":"0","ocean_second_sidebar":"0","ocean_disable_margins":"enable","ocean_add_body_class":"","ocean_shortcode_before_top_bar":"","ocean_shortcode_after_top_bar":"","ocean_shortcode_before_header":"","ocean_shortcode_after_header":"","ocean_has_shortcode":"","ocean_shortcode_after_title":"","ocean_shortcode_before_footer_widgets":"","ocean_shortcode_after_footer_widgets":"","ocean_shortcode_before_footer_bottom":"","ocean_shortcode_after_footer_bottom":"","ocean_display_top_bar":"default","ocean_display_header":"default","ocean_header_style":"","ocean_center_header_left_menu":"0","ocean_custom_header_template":"0","ocean_custom_logo":0,"ocean_custom_retina_logo":0,"ocean_custom_logo_max_width":0,"ocean_custom_logo_tablet_max_width":0,"ocean_custom_logo_mobile_max_width":0,"ocean_custom_logo_max_height":0,"ocean_custom_logo_tablet_max_height":0,"ocean_custom_logo_mobile_max_height":0,"ocean_header_custom_menu":"0","ocean_menu_typo_font_family":"0","ocean_menu_typo_font_subset":"","ocean_menu_typo_font_size":0,"ocean_menu_typo_font_size_tablet":0,"ocean_menu_typo_font_size_mobile":0,"ocean_menu_typo_font_size_unit":"px","ocean_menu_typo_font_weight":"","ocean_menu_typo_font_weight_tablet":"","ocean_menu_typo_font_weight_mobile":"","ocean_menu_typo_transform":"","ocean_menu_typo_transform_tablet":"","ocean_menu_typo_transform_mobile":"","ocean_menu_typo_line_height":0,"ocean_menu_typo_line_height_tablet":0,"ocean_menu_typo_line_height_mobile":0,"ocean_menu_typo_line_height_unit":"","ocean_menu_typo_spacing":0,"ocean_menu_typo_spacing_tablet":0,"ocean_menu_typo_spacing_mobile":0,"ocean_menu_typo_spacing_unit":"","ocean_menu_link_color":"","ocean_menu_link_color_hover":"","ocean_menu_link_color_active":"","ocean_menu_link_background":"","ocean_menu_link_hover_background":"","ocean_menu_link_active_background":"","ocean_menu_social_links_bg":"","ocean_menu_social_hover_links_bg":"","ocean_menu_social_links_color":"","ocean_menu_social_hover_links_color":"","ocean_disable_title":"default","ocean_disable_heading":"default","ocean_post_title":"","ocean_post_subheading":"","ocean_post_title_style":"","ocean_post_title_background_color":"","ocean_post_title_background":0,"ocean_post_title_bg_image_position":"","ocean_post_title_bg_image_attachment":"","ocean_post_title_bg_image_repeat":"","ocean_post_title_bg_image_size":"","ocean_post_title_height":0,"ocean_post_title_bg_overlay":0.5,"ocean_post_title_bg_overlay_color":"","ocean_disable_breadcrumbs":"default","ocean_breadcrumbs_color":"","ocean_breadcrumbs_separator_color":"","ocean_breadcrumbs_links_color":"","ocean_breadcrumbs_links_hover_color":"","ocean_display_footer_widgets":"default","ocean_display_footer_bottom":"default","ocean_custom_footer_template":"0","footnotes":""},"class_list":["post-962","page","type-page","status-publish","hentry","entry"],"_links":{"self":[{"href":"http:\/\/www.cisv.ch\/fr\/wp-json\/wp\/v2\/pages\/962","targetHints":{"allow":["GET"]}}],"collection":[{"href":"http:\/\/www.cisv.ch\/fr\/wp-json\/wp\/v2\/pages"}],"about":[{"href":"http:\/\/www.cisv.ch\/fr\/wp-json\/wp\/v2\/types\/page"}],"author":[{"embeddable":true,"href":"http:\/\/www.cisv.ch\/fr\/wp-json\/wp\/v2\/users\/1"}],"replies":[{"embeddable":true,"href":"http:\/\/www.cisv.ch\/fr\/wp-json\/wp\/v2\/comments?post=962"}],"version-history":[{"count":2,"href":"http:\/\/www.cisv.ch\/fr\/wp-json\/wp\/v2\/pages\/962\/revisions"}],"predecessor-version":[{"id":1455,"href":"http:\/\/www.cisv.ch\/fr\/wp-json\/wp\/v2\/pages\/962\/revisions\/1455"}],"up":[{"embeddable":true,"href":"http:\/\/www.cisv.ch\/fr\/wp-json\/wp\/v2\/pages\/959"}],"wp:attachment":[{"href":"http:\/\/www.cisv.ch\/fr\/wp-json\/wp\/v2\/media?parent=962"}],"curies":[{"name":"wp","href":"https:\/\/api.w.org\/{rel}","templated":true}]}}