{"id":1919,"date":"2020-11-08T12:35:03","date_gmt":"2020-11-08T11:35:03","guid":{"rendered":"http:\/\/www.cisv.ch\/?page_id=1919"},"modified":"2025-11-10T12:12:14","modified_gmt":"2025-11-10T11:12:14","slug":"signupforcamp","status":"publish","type":"page","link":"http:\/\/www.cisv.ch\/de\/signupforcamp\/","title":{"rendered":"Sign Up for 2026 Programs"},"content":{"rendered":"<div data-elementor-type=\"wp-page\" data-elementor-id=\"1919\" class=\"elementor elementor-1919\">\n\t\t\t\t\t\t<section class=\"elementor-section elementor-top-section elementor-element elementor-element-7723689 elementor-section-boxed elementor-section-height-default elementor-section-height-default\" data-id=\"7723689\" data-element_type=\"section\">\n\t\t\t\t\t\t<div class=\"elementor-container elementor-column-gap-default\">\n\t\t\t\t\t<div class=\"elementor-column elementor-col-100 elementor-top-column elementor-element elementor-element-8fb6481\" data-id=\"8fb6481\" data-element_type=\"column\">\n\t\t\t<div class=\"elementor-widget-wrap elementor-element-populated\">\n\t\t\t\t\t\t<div class=\"elementor-element elementor-element-640f039 elementor-widget elementor-widget-heading\" data-id=\"640f039\" data-element_type=\"widget\" data-widget_type=\"heading.default\">\n\t\t\t\t<div class=\"elementor-widget-container\">\n\t\t\t\t\t<h2 class=\"elementor-heading-title elementor-size-default\">Sign Up for 2026 Programs<\/h2>\t\t\t\t<\/div>\n\t\t\t\t<\/div>\n\t\t\t\t\t<\/div>\n\t\t<\/div>\n\t\t\t\t\t<\/div>\n\t\t<\/section>\n\t\t\t\t<section class=\"elementor-section elementor-top-section elementor-element elementor-element-457d029 elementor-section-boxed elementor-section-height-default elementor-section-height-default\" data-id=\"457d029\" data-element_type=\"section\">\n\t\t\t\t\t\t<div class=\"elementor-container elementor-column-gap-default\">\n\t\t\t\t\t<div class=\"elementor-column elementor-col-100 elementor-top-column elementor-element elementor-element-46e0633\" data-id=\"46e0633\" data-element_type=\"column\">\n\t\t\t<div class=\"elementor-widget-wrap elementor-element-populated\">\n\t\t\t\t\t\t<div class=\"elementor-element elementor-element-ba52124 elementor-widget elementor-widget-text-editor\" data-id=\"ba52124\" data-element_type=\"widget\" data-widget_type=\"text-editor.default\">\n\t\t\t\t<div class=\"elementor-widget-container\">\n\t\t\t\t\t\t\t\t\t<p>To sign up you children for 2026 programs, open the toggle for their birth and see the available programs. You can find more information about the programs <a href=\"http:\/\/www.cisv.ch\/de\/our-programs\/\"><span style=\"color: #ff6600;\">Hier<\/span><\/a>. Wenn Sie weitere Fragen haben, k\u00f6nnen Sie uns gerne fragen. <span style=\"color: #ff6600;\"><a style=\"color: #ff6600;\" href=\"mailto:info@cisv.ch\">Hier<\/a>.<\/span><\/p><p>Die Delegationen und Zielorte werden zu einem sp\u00e4teren Zeitpunkt bekannt gegeben.<\/p>\t\t\t\t\t\t\t\t<\/div>\n\t\t\t\t<\/div>\n\t\t\t\t\t<\/div>\n\t\t<\/div>\n\t\t\t\t\t<\/div>\n\t\t<\/section>\n\t\t\t\t<section class=\"elementor-section elementor-top-section elementor-element elementor-element-5607dea elementor-section-boxed elementor-section-height-default elementor-section-height-default\" data-id=\"5607dea\" data-element_type=\"section\">\n\t\t\t\t\t\t<div class=\"elementor-container elementor-column-gap-default\">\n\t\t\t\t\t<div class=\"elementor-column elementor-col-100 elementor-top-column elementor-element elementor-element-f88af30\" data-id=\"f88af30\" data-element_type=\"column\">\n\t\t\t<div class=\"elementor-widget-wrap elementor-element-populated\">\n\t\t\t\t\t\t<div class=\"elementor-element elementor-element-ae9bb1d elementor-widget elementor-widget-text-editor\" data-id=\"ae9bb1d\" data-element_type=\"widget\" data-widget_type=\"text-editor.default\">\n\t\t\t\t<div class=\"elementor-widget-container\">\n\t\t\t\t\t\t\t\t\t<p>By signing your children up for a program, you accept the Family Obligations (<span style=\"color: #ff6600;\"><a style=\"color: #ff6600;\" href=\"https:\/\/www.cisv.ch\/de\/documents\/\">found here<\/a><\/span>), which include participation to CISV events as well as accepting to be a host family for the Swiss programs held during summer.<\/p>\t\t\t\t\t\t\t\t<\/div>\n\t\t\t\t<\/div>\n\t\t\t\t\t<\/div>\n\t\t<\/div>\n\t\t\t\t\t<\/div>\n\t\t<\/section>\n\t\t\t\t<section class=\"elementor-section elementor-top-section elementor-element elementor-element-d8c6eaa elementor-section-boxed elementor-section-height-default elementor-section-height-default\" data-id=\"d8c6eaa\" data-element_type=\"section\">\n\t\t\t\t\t\t<div class=\"elementor-container elementor-column-gap-default\">\n\t\t\t\t\t<div class=\"elementor-column elementor-col-100 elementor-top-column elementor-element elementor-element-e4c5b85\" data-id=\"e4c5b85\" data-element_type=\"column\">\n\t\t\t<div class=\"elementor-widget-wrap elementor-element-populated\">\n\t\t\t\t\t\t<div class=\"elementor-element elementor-element-bd52992 elementor-widget elementor-widget-toggle\" data-id=\"bd52992\" data-element_type=\"widget\" data-widget_type=\"toggle.default\">\n\t\t\t\t<div class=\"elementor-widget-container\">\n\t\t\t\t\t\t\t<div class=\"elementor-toggle\">\n\t\t\t\t\t\t\t<div class=\"elementor-toggle-item\">\n\t\t\t\t\t<div id=\"elementor-tab-title-1981\" class=\"elementor-tab-title\" data-tab=\"1\" role=\"button\" aria-controls=\"elementor-tab-content-1981\" aria-expanded=\"false\">\n\t\t\t\t\t\t\t\t\t\t\t\t<span class=\"elementor-toggle-icon elementor-toggle-icon-left\" aria-hidden=\"true\">\n\t\t\t\t\t\t\t\t\t\t\t\t\t\t\t<span class=\"elementor-toggle-icon-closed\"><i class=\"fas fa-caret-right\"><\/i><\/span>\n\t\t\t\t\t\t\t\t<span class=\"elementor-toggle-icon-opened\"><i class=\"elementor-toggle-icon-opened fas fa-caret-up\"><\/i><\/span>\n\t\t\t\t\t\t\t\t\t\t\t\t\t<\/span>\n\t\t\t\t\t\t\t\t\t\t\t\t<a class=\"elementor-toggle-title\" tabindex=\"0\">Participants born between 01.09.2014 and 31.08.2015<\/a>\n\t\t\t\t\t<\/div>\n\n\t\t\t\t\t<div id=\"elementor-tab-content-1981\" class=\"elementor-tab-content elementor-clearfix\" data-tab=\"1\" role=\"region\" aria-labelledby=\"elementor-tab-title-1981\"><p>Das Programm f\u00fcr 11-J\u00e4hrige ist das\u00a0<span style=\"color: #ff6600;\"><a style=\"color: #ff6600;\" href=\"http:\/\/www.cisv.ch\/de\/cisv-programs\/village\/\">Village<\/a><\/span>.  Es dauert 3 oder 4 Wochen und die Teilnehmer reisen in einer Delegation von 4 Kindern und einem erwachsenen Leader ab.<\/p><p><a href=\"https:\/\/docs.google.com\/forms\/d\/e\/1FAIpQLSf2Ed6Ef3MPPdBdTeTC3lLoo3PNBY4wRI8xPpjW3kDdzgYdkw\/viewform?usp=share_link&amp;ouid=118432464346448183398\" target=\"_blank\" rel=\"noopener\"><span style=\"color: #ff6600;\">Anmeldung zum Village<\/span><\/a><\/p><\/div>\n\t\t\t\t<\/div>\n\t\t\t\t\t\t\t<div class=\"elementor-toggle-item\">\n\t\t\t\t\t<div id=\"elementor-tab-title-1982\" class=\"elementor-tab-title\" data-tab=\"2\" role=\"button\" aria-controls=\"elementor-tab-content-1982\" aria-expanded=\"false\">\n\t\t\t\t\t\t\t\t\t\t\t\t<span class=\"elementor-toggle-icon elementor-toggle-icon-left\" aria-hidden=\"true\">\n\t\t\t\t\t\t\t\t\t\t\t\t\t\t\t<span class=\"elementor-toggle-icon-closed\"><i class=\"fas fa-caret-right\"><\/i><\/span>\n\t\t\t\t\t\t\t\t<span class=\"elementor-toggle-icon-opened\"><i class=\"elementor-toggle-icon-opened fas fa-caret-up\"><\/i><\/span>\n\t\t\t\t\t\t\t\t\t\t\t\t\t<\/span>\n\t\t\t\t\t\t\t\t\t\t\t\t<a class=\"elementor-toggle-title\" tabindex=\"0\">Participants born between 01.09.2012 and 31.08.2014<\/a>\n\t\t\t\t\t<\/div>\n\n\t\t\t\t\t<div id=\"elementor-tab-content-1982\" class=\"elementor-tab-content elementor-clearfix\" data-tab=\"2\" role=\"region\" aria-labelledby=\"elementor-tab-title-1982\"><p>Das Programm f\u00fcr 12-13-J\u00e4hrige ist das <a href=\"http:\/\/www.cisv.ch\/de\/cisv-programs\/youth-meeting\/\"><span style=\"color: #ff6600;\">Youth Meeting<\/span><\/a>.  Es dauert 1 oder 2 Wochen und die Teilnehmer reisen in einer Delegation von 4 Kindern und einem erwachsenen Leader ab.<\/p><p><span style=\"color: #ff6600;\"><a style=\"color: #ff6600;\" href=\"https:\/\/docs.google.com\/forms\/d\/e\/1FAIpQLSeoLcCDD51RgeWpEZo8DSm7hFqHmAGi4fntKPZ1Bs9fHFD-8A\/viewform?usp=share_link&amp;ouid=118432464346448183398\" target=\"_blank\" rel=\"noopener\">Anmeldung zum Youth Meeting<\/a><\/span><\/p><\/div>\n\t\t\t\t<\/div>\n\t\t\t\t\t\t\t<div class=\"elementor-toggle-item\">\n\t\t\t\t\t<div id=\"elementor-tab-title-1983\" class=\"elementor-tab-title\" data-tab=\"3\" role=\"button\" aria-controls=\"elementor-tab-content-1983\" aria-expanded=\"false\">\n\t\t\t\t\t\t\t\t\t\t\t\t<span class=\"elementor-toggle-icon elementor-toggle-icon-left\" aria-hidden=\"true\">\n\t\t\t\t\t\t\t\t\t\t\t\t\t\t\t<span class=\"elementor-toggle-icon-closed\"><i class=\"fas fa-caret-right\"><\/i><\/span>\n\t\t\t\t\t\t\t\t<span class=\"elementor-toggle-icon-opened\"><i class=\"elementor-toggle-icon-opened fas fa-caret-up\"><\/i><\/span>\n\t\t\t\t\t\t\t\t\t\t\t\t\t<\/span>\n\t\t\t\t\t\t\t\t\t\t\t\t<a class=\"elementor-toggle-title\" tabindex=\"0\">Participants born between 01.09.2011 and 31.08.2012<\/a>\n\t\t\t\t\t<\/div>\n\n\t\t\t\t\t<div id=\"elementor-tab-content-1983\" class=\"elementor-tab-content elementor-clearfix\" data-tab=\"3\" role=\"region\" aria-labelledby=\"elementor-tab-title-1983\"><p>Das Programm f\u00fcr 14-J\u00e4hrige ist der\u00a0<span style=\"color: #ff6600;\"><a style=\"color: #ff6600;\" href=\"http:\/\/www.cisv.ch\/de\/cisv-programs\/step-up\/\">Step Up<\/a>.<\/span>\u00a0.  Es dauert 3  Wochen und die Teilnehmer reisen in einer Delegation von 4 Kindern und einem erwachsenen Leader ab.<br \/><a href=\"https:\/\/docs.google.com\/forms\/d\/e\/1FAIpQLSdOCYWfdCPcU0QiSVnlHd1e5CivCf_XUDlGzP-swkZ2dKu22A\/viewform?usp=share_link&amp;ouid=118432464346448183398\" target=\"_blank\" rel=\"noopener\"><span style=\"color: #ff6600;\">Anmeldung zum Step Up<\/span><\/a><\/p><\/div>\n\t\t\t\t<\/div>\n\t\t\t\t\t\t\t<div class=\"elementor-toggle-item\">\n\t\t\t\t\t<div id=\"elementor-tab-title-1984\" class=\"elementor-tab-title\" data-tab=\"4\" role=\"button\" aria-controls=\"elementor-tab-content-1984\" aria-expanded=\"false\">\n\t\t\t\t\t\t\t\t\t\t\t\t<span class=\"elementor-toggle-icon elementor-toggle-icon-left\" aria-hidden=\"true\">\n\t\t\t\t\t\t\t\t\t\t\t\t\t\t\t<span class=\"elementor-toggle-icon-closed\"><i class=\"fas fa-caret-right\"><\/i><\/span>\n\t\t\t\t\t\t\t\t<span class=\"elementor-toggle-icon-opened\"><i class=\"elementor-toggle-icon-opened fas fa-caret-up\"><\/i><\/span>\n\t\t\t\t\t\t\t\t\t\t\t\t\t<\/span>\n\t\t\t\t\t\t\t\t\t\t\t\t<a class=\"elementor-toggle-title\" tabindex=\"0\">Participants born between 01.09.2010 and 31.08.2011<\/a>\n\t\t\t\t\t<\/div>\n\n\t\t\t\t\t<div id=\"elementor-tab-content-1984\" class=\"elementor-tab-content elementor-clearfix\" data-tab=\"4\" role=\"region\" aria-labelledby=\"elementor-tab-title-1984\"><p>Das Programm f\u00fcr 15-J\u00e4hrige ist der\u00a0<span style=\"color: #ff6600;\"><a style=\"color: #ff6600;\" href=\"http:\/\/www.cisv.ch\/de\/cisv-programs\/step-up\/\">Step Up<\/a>.<\/span>\u00a0.  Es dauert 3  Wochen und die Teilnehmer reisen in einer Delegation von 4 Kindern und einem erwachsenen Leader ab.<br \/><a href=\"https:\/\/docs.google.com\/forms\/d\/e\/1FAIpQLSf2WiDwIBijyRiKE0mvG_j_y6jMGEsUqGZkaRVdmi1YMrnicA\/viewform?usp=share_link&amp;ouid=118432464346448183398\" target=\"_blank\" rel=\"noopener\"><span style=\"color: #ff6600;\">Anmeldung zum Step Up<\/span><\/a><\/p><\/div>\n\t\t\t\t<\/div>\n\t\t\t\t\t\t\t<div class=\"elementor-toggle-item\">\n\t\t\t\t\t<div id=\"elementor-tab-title-1985\" class=\"elementor-tab-title\" data-tab=\"5\" role=\"button\" aria-controls=\"elementor-tab-content-1985\" aria-expanded=\"false\">\n\t\t\t\t\t\t\t\t\t\t\t\t<span class=\"elementor-toggle-icon elementor-toggle-icon-left\" aria-hidden=\"true\">\n\t\t\t\t\t\t\t\t\t\t\t\t\t\t\t<span class=\"elementor-toggle-icon-closed\"><i class=\"fas fa-caret-right\"><\/i><\/span>\n\t\t\t\t\t\t\t\t<span class=\"elementor-toggle-icon-opened\"><i class=\"elementor-toggle-icon-opened fas fa-caret-up\"><\/i><\/span>\n\t\t\t\t\t\t\t\t\t\t\t\t\t<\/span>\n\t\t\t\t\t\t\t\t\t\t\t\t<a class=\"elementor-toggle-title\" tabindex=\"0\">Participants born between August 2008 and August 2010<\/a>\n\t\t\t\t\t<\/div>\n\n\t\t\t\t\t<div id=\"elementor-tab-content-1985\" class=\"elementor-tab-content elementor-clearfix\" data-tab=\"5\" role=\"region\" aria-labelledby=\"elementor-tab-title-1985\"><p>F\u00fcr diese Programme m\u00fcssen die Teilnehmer w\u00e4hrend der gesamten Dauer des Camps zwischen 16 und 17 Jahre alt sein. Diese Teilnehmer k\u00f6nnen an einem\u00a0<a href=\"http:\/\/www.cisv.ch\/de\/cisv-programs\/seminar\/\"><span style=\"color: #ff6600;\">Seminar Camp<\/span><\/a>, der 3 Wochen dauert und die Teilnehmer reisen in einer Delegation von 2 Personen ab.<br \/><span style=\"color: #ff6600;\"><span style=\"color: #ff6600;\"><a style=\"color: #ff6600;\" href=\"https:\/\/docs.google.com\/forms\/d\/e\/1FAIpQLScZY43BCK9gTSUkD0RckrQaaoahT98Tm30oHbAEoT-fXzYaNw\/viewform?usp=share_link&amp;ouid=118432464346448183398\" target=\"_blank\" rel=\"noopener\">Anmeldung zum Seminar Camp<\/a><\/span><\/span><\/p><\/div>\n\t\t\t\t<\/div>\n\t\t\t\t\t\t\t\t<\/div>\n\t\t\t\t\t\t<\/div>\n\t\t\t\t<\/div>\n\t\t\t\t\t<\/div>\n\t\t<\/div>\n\t\t\t\t\t<\/div>\n\t\t<\/section>\n\t\t\t\t<\/div>","protected":false},"excerpt":{"rendered":"<p>Sign Up for 2026 Programs To sign up you children for 2026 programs, open the toggle for their birth and see the available programs. You can find more information about the programs here. If you have any more questions, feel free to ask us here. The delegations and destinations will be revealed later on. By [&hellip;]<\/p>","protected":false},"author":1,"featured_media":0,"parent":0,"menu_order":0,"comment_status":"closed","ping_status":"closed","template":"","meta":{"ocean_post_layout":"right-sidebar","ocean_both_sidebars_style":"","ocean_both_sidebars_content_width":0,"ocean_both_sidebars_sidebars_width":0,"ocean_sidebar":"sidebar","ocean_second_sidebar":"0","ocean_disable_margins":"enable","ocean_add_body_class":"","ocean_shortcode_before_top_bar":"","ocean_shortcode_after_top_bar":"","ocean_shortcode_before_header":"","ocean_shortcode_after_header":"","ocean_has_shortcode":"","ocean_shortcode_after_title":"","ocean_shortcode_before_footer_widgets":"","ocean_shortcode_after_footer_widgets":"","ocean_shortcode_before_footer_bottom":"","ocean_shortcode_after_footer_bottom":"","ocean_display_top_bar":"default","ocean_display_header":"default","ocean_header_style":"","ocean_center_header_left_menu":"0","ocean_custom_header_template":"0","ocean_custom_logo":0,"ocean_custom_retina_logo":0,"ocean_custom_logo_max_width":0,"ocean_custom_logo_tablet_max_width":0,"ocean_custom_logo_mobile_max_width":0,"ocean_custom_logo_max_height":0,"ocean_custom_logo_tablet_max_height":0,"ocean_custom_logo_mobile_max_height":0,"ocean_header_custom_menu":"0","ocean_menu_typo_font_family":"0","ocean_menu_typo_font_subset":"","ocean_menu_typo_font_size":0,"ocean_menu_typo_font_size_tablet":0,"ocean_menu_typo_font_size_mobile":0,"ocean_menu_typo_font_size_unit":"px","ocean_menu_typo_font_weight":"","ocean_menu_typo_font_weight_tablet":"","ocean_menu_typo_font_weight_mobile":"","ocean_menu_typo_transform":"","ocean_menu_typo_transform_tablet":"","ocean_menu_typo_transform_mobile":"","ocean_menu_typo_line_height":0,"ocean_menu_typo_line_height_tablet":0,"ocean_menu_typo_line_height_mobile":0,"ocean_menu_typo_line_height_unit":"","ocean_menu_typo_spacing":0,"ocean_menu_typo_spacing_tablet":0,"ocean_menu_typo_spacing_mobile":0,"ocean_menu_typo_spacing_unit":"","ocean_menu_link_color":"","ocean_menu_link_color_hover":"","ocean_menu_link_color_active":"","ocean_menu_link_background":"","ocean_menu_link_hover_background":"","ocean_menu_link_active_background":"","ocean_menu_social_links_bg":"","ocean_menu_social_hover_links_bg":"","ocean_menu_social_links_color":"","ocean_menu_social_hover_links_color":"","ocean_disable_title":"default","ocean_disable_heading":"default","ocean_post_title":"","ocean_post_subheading":"","ocean_post_title_style":"","ocean_post_title_background_color":"","ocean_post_title_background":0,"ocean_post_title_bg_image_position":"","ocean_post_title_bg_image_attachment":"","ocean_post_title_bg_image_repeat":"","ocean_post_title_bg_image_size":"","ocean_post_title_height":0,"ocean_post_title_bg_overlay":0.5,"ocean_post_title_bg_overlay_color":"","ocean_disable_breadcrumbs":"default","ocean_breadcrumbs_color":"","ocean_breadcrumbs_separator_color":"","ocean_breadcrumbs_links_color":"","ocean_breadcrumbs_links_hover_color":"","ocean_display_footer_widgets":"default","ocean_display_footer_bottom":"default","ocean_custom_footer_template":"0","footnotes":""},"class_list":["post-1919","page","type-page","status-publish","hentry","entry"],"_links":{"self":[{"href":"http:\/\/www.cisv.ch\/de\/wp-json\/wp\/v2\/pages\/1919","targetHints":{"allow":["GET"]}}],"collection":[{"href":"http:\/\/www.cisv.ch\/de\/wp-json\/wp\/v2\/pages"}],"about":[{"href":"http:\/\/www.cisv.ch\/de\/wp-json\/wp\/v2\/types\/page"}],"author":[{"embeddable":true,"href":"http:\/\/www.cisv.ch\/de\/wp-json\/wp\/v2\/users\/1"}],"replies":[{"embeddable":true,"href":"http:\/\/www.cisv.ch\/de\/wp-json\/wp\/v2\/comments?post=1919"}],"version-history":[{"count":84,"href":"http:\/\/www.cisv.ch\/de\/wp-json\/wp\/v2\/pages\/1919\/revisions"}],"predecessor-version":[{"id":3124,"href":"http:\/\/www.cisv.ch\/de\/wp-json\/wp\/v2\/pages\/1919\/revisions\/3124"}],"wp:attachment":[{"href":"http:\/\/www.cisv.ch\/de\/wp-json\/wp\/v2\/media?parent=1919"}],"curies":[{"name":"wp","href":"https:\/\/api.w.org\/{rel}","templated":true}]}}